{"id":816,"date":"2018-09-05T08:05:14","date_gmt":"2018-09-05T08:05:14","guid":{"rendered":"https:\/\/www.compliancebaltic.eu\/?page_id=816"},"modified":"2024-04-30T09:19:04","modified_gmt":"2024-04-30T09:19:04","slug":"sankciju-riski","status":"publish","type":"page","link":"https:\/\/www.compliancebaltic.eu\/lv\/sankciju-riski\/","title":{"rendered":"Sankciju riski"},"content":{"rendered":"<p><\/p>\n<div class=\"n-project-head\">\n<p><img loading=\"lazy\" decoding=\"async\" class=\"alignnone size-full wp-image-631\" src=\"https:\/\/www.compliancebaltic.eu\/wp-content\/uploads\/2021\/01\/thumbnail-for_black_text.jpg\" alt=\"cb-02\" width=\"750\" height=\"400\" \/><\/p>\n<div class=\"block\">\n<div style=\"margin-top: 30px;\">\n<h1>Starptautisk\u0101s sankcijas<\/h1>\n<p>E-apm\u0101c\u012bbas kurss<\/p>\n<p><div class=\"n-row\"><a class=\"register_button btn-blue btn-header\" href=\"\/\/www.compliancebaltic.eu\/demo-sankciju-riski\/\">Demo video<\/a><\/div><br \/>\n<div class=\"n-row\"><a class=\"register_button btn-green btn-header\" href=\"http:\/\/www.compliancebaltic.eu\/e-learning\/login\/index.php\">S\u0101kt e-apm\u0101c\u012bbu<\/a><\/div><\/p>\n<\/div>\n<\/div>\n<\/div>\n<h2><span style=\"font-size: 24pt;\"><strong>Starptautisko sankciju riski<\/strong><\/span><\/h2>\n<p>Starptautisk\u0101s sankcijas ir nemilit\u0101rs valstu \u0101rpolitikas instruments, kuru realiz\u0113, lai rea\u0123\u0113tu uz t\u0101du valstu izaicin\u0101jumiem, kuras apdraud mieru un dro\u0161\u012bbu un pan\u0101ktu \u0161o valstu r\u012bc\u012bbu, kas atjaunotu mieru, dro\u0161\u012bbu un tiesiskumu.<br \/>\nStarptautisko un Latvijas Republikas nacion\u0101lo sankciju likums attiecas uz vis\u0101m fiziskaj\u0101m un juridiskaj\u0101m person\u0101m, un t\u0101m ir pien\u0101kums iev\u0113rot un izpild\u012bt starptautisk\u0101s un nacion\u0101l\u0101s sankcijas.<br \/>\nSvar\u012bgs priek\u0161nosac\u012bjumus sankciju pras\u012bbu iev\u0113ro\u0161an\u0101 ir atbilsto\u0161a iek\u0161\u0113j\u0101s kontroles sist\u0113mas izveido\u0161ana uz\u0146\u0113mum\u0101. Starptautisko sankciju darb\u012bbas principi ir sare\u017e\u0123\u012bti un to iev\u0113ro\u0161ana ir liels izaicin\u0101jums valsts p\u0101rvald\u0113 un m\u016bsdienu uz\u0146\u0113m\u0113jdarb\u012bbas vid\u0113.<\/p>\n<p>Compliance Baltic pied\u0101v\u0101 pla\u0161u pakalpojumu kl\u0101stu iest\u0101d\u0113m un uz\u0146\u0113mumiem sankciju risku vad\u012bbas jom\u0101:<br \/>\n&#8211; iest\u0101des vai uz\u0146\u0113muma risku nov\u0113rt\u0113jums;<br \/>\n&#8211; iest\u0101des vai uz\u0146\u0113muma iek\u0161\u0113j\u0101s kontroles sist\u0113mas atbilst\u012bbas nov\u0113rt\u0113jums;<br \/>\n&#8211; iek\u0161\u0113j\u0101s kontroles sist\u0113mas izveidi iest\u0101d\u0113 vai uz\u0146\u0113mum\u0101;<br \/>\n&#8211; <a href=\"https:\/\/www.compliancebaltic.eu\/wp-content\/uploads\/2021\/03\/Satrpatautiskas_sankcijas_ml.pdf\"> e-apm\u0101c\u012bbu risin\u0101jums <\/a>&#8220;<strong>Starptautisk\u0101s sankcijas<\/strong>&#8220;;<br \/>\n&#8211; videoapm\u0101c\u012bbu &#8220;<strong>Sankciju pamati: b\u016bt\u012bba, riski, tipolo\u0123ijas<\/strong>&#8221;<br \/>\n&#8211; specializ\u0113tas apm\u0101c\u012bb\u0101s maks\u0101jumu atbilst\u012bbas person\u0101lam (latvie\u0161u vai ang\u013cu valod\u0101).<\/p>\n<p>Izstr\u0101d\u0101tais e-apm\u0101c\u012bbu kurss<strong> \u201cStarptautisk\u0101s sankcijas\u201d<\/strong> sniedz iesp\u0113ju izprast jomas pras\u012bbas, vienk\u0101r\u0161\u0101, iesaisto\u0161\u0101 veid\u0101 apg\u016bt sf\u0113ras pamatjaut\u0101jumus. Tas aptver sekojo\u0161as t\u0113mas: Sankciju subjekts, m\u0113r\u0137is, efektivit\u0101te; Sankciju veidi; Sankciju iev\u0113ro\u0161ana; Sankciju ierobe\u017eojumi; Sankcijas publiskajos iepirkumos; Sankciju noteik\u0161ana; Zi\u0146o\u0161anas pien\u0101kums. Kurss veidots itnerakt\u012bv\u0101 veid\u0101, iek\u013caujot pa\u0161p\u0101rbaudes uzdevumus un nobeiguma zin\u0101\u0161anu p\u0101rbaudes testu.<br \/>\nVideokursu <strong>&#8220;Sankciju pamati: b\u016bt\u012bba, riski, tipolo\u0123ijas&#8221;<\/strong> veido iepriek\u0161ierakst\u012bta videolekcija (1:25h garum\u0101), kur\u0101 bez visp\u0101r\u0113jiem pras\u012bb\u0101m tiek izskat\u012btas ar\u012b tipolo\u0123ijas un izmekl\u0113\u0161anas jaut\u0101jumi. Kurss nosl\u0113dzas ar zin\u0101\u0161anu p\u0101rbaudes testu.<br \/>\nApm\u0101c\u012bbas ir pieejamas Internet\u0101, dal\u012bbniekam br\u012bvi izv\u0113loties apm\u0101c\u012bbas P\u0113c sekm\u012bga testa nok\u0101rto\u0161anas dal\u012bbnieks var sa\u0146emt apliecin\u0101juma sertifik\u0101tu.<br \/>\nCena vienam dal\u012bbniekam par vienu kursu <strong>30 EUR + PVN<\/strong>.<\/p>\n<p>Lai pieteiktos apm\u0101c\u012bb\u0101m, uz e-pastu <a href=\"mailto:info@compliancebaltic.eu\">info@compliancebaltic.eu<\/a> j\u0101nos\u016bta dal\u012bbnieka v\u0101rds, uzv\u0101rds, e-pasta adrese, maks\u0101t\u0101ja rekviz\u012bti, nepiecie\u0161amais apm\u0101c\u012bbu kursu.<\/p>\n<p><\/p>","protected":false},"excerpt":{"rendered":"<p>Starptautisk\u0101s sankcijas E-apm\u0101c\u012bbas kurss Starptautisko sankciju riski Starptautisk\u0101s sankcijas ir nemilit\u0101rs valstu \u0101rpolitikas instruments, kuru realiz\u0113, lai rea\u0123\u0113tu uz t\u0101du valstu izaicin\u0101jumiem, kuras apdraud mieru un dro\u0161\u012bbu un pan\u0101ktu \u0161o valstu r\u012bc\u012bbu, kas atjaunotu mieru, dro\u0161\u012bbu un tiesiskumu. Starptautisko un Latvijas Republikas nacion\u0101lo sankciju likums attiecas uz vis\u0101m fiziskaj\u0101m un juridiskaj\u0101m person\u0101m, un t\u0101m ir [&hellip;]<\/p>\n","protected":false},"author":1,"featured_media":0,"parent":0,"menu_order":0,"comment_status":"closed","ping_status":"closed","template":"","meta":{"om_disable_all_campaigns":false,"_monsterinsights_skip_tracking":false,"_monsterinsights_sitenote_active":false,"_monsterinsights_sitenote_note":"","_monsterinsights_sitenote_category":0,"_uf_show_specific_survey":0,"_uf_disable_surveys":false,"footnotes":""},"class_list":["post-816","page","type-page","status-publish","hentry"],"aioseo_notices":[],"_links":{"self":[{"href":"https:\/\/www.compliancebaltic.eu\/lv\/wp-json\/wp\/v2\/pages\/816"}],"collection":[{"href":"https:\/\/www.compliancebaltic.eu\/lv\/wp-json\/wp\/v2\/pages"}],"about":[{"href":"https:\/\/www.compliancebaltic.eu\/lv\/wp-json\/wp\/v2\/types\/page"}],"author":[{"embeddable":true,"href":"https:\/\/www.compliancebaltic.eu\/lv\/wp-json\/wp\/v2\/users\/1"}],"replies":[{"embeddable":true,"href":"https:\/\/www.compliancebaltic.eu\/lv\/wp-json\/wp\/v2\/comments?post=816"}],"version-history":[{"count":66,"href":"https:\/\/www.compliancebaltic.eu\/lv\/wp-json\/wp\/v2\/pages\/816\/revisions"}],"predecessor-version":[{"id":1251,"href":"https:\/\/www.compliancebaltic.eu\/lv\/wp-json\/wp\/v2\/pages\/816\/revisions\/1251"}],"wp:attachment":[{"href":"https:\/\/www.compliancebaltic.eu\/lv\/wp-json\/wp\/v2\/media?parent=816"}],"curies":[{"name":"wp","href":"https:\/\/api.w.org\/{rel}","templated":true}]}}