{"id":628,"date":"2016-11-29T12:58:38","date_gmt":"2016-11-29T12:58:38","guid":{"rendered":"https:\/\/www.compliancebaltic.eu\/?page_id=628"},"modified":"2021-11-29T15:35:07","modified_gmt":"2021-11-29T15:35:07","slug":"korupcijas-riski","status":"publish","type":"page","link":"https:\/\/www.compliancebaltic.eu\/lv\/korupcijas-riski\/","title":{"rendered":"Korupcijas riski"},"content":{"rendered":"<p><\/p>\n<div class=\"n-project-head\">\n<p><img loading=\"lazy\" decoding=\"async\" class=\"alignnone size-full wp-image-631\" src=\"https:\/\/www.compliancebaltic.eu\/wp-content\/uploads\/2016\/11\/cb-02.png\" alt=\"cb-02\" width=\"750\" height=\"400\" srcset=\"https:\/\/www.compliancebaltic.eu\/wp-content\/uploads\/2016\/11\/cb-02.png 750w, https:\/\/www.compliancebaltic.eu\/wp-content\/uploads\/2016\/11\/cb-02-300x160.png 300w\" sizes=\"(max-width: 750px) 100vw, 750px\" \/><\/p>\n<div class=\"block\">\n<div style=\"margin-top: 30px;\">\n<h1>Korupcijas nov\u0113r\u0161anas pamatjaut\u0101jumi<\/h1>\n<h1>Intere\u0161u konflikts<\/h1>\n<p>E-apm\u0101c\u012bbas kursi<br \/>\n<div class=\"n-row\"><a class=\"register_button btn-blue btn-header\" href=\"\/\/www.compliancebaltic.eu\/demo-korupcijas-riski\/\">Demo video<\/a><\/div><br \/>\n<div class=\"n-row\"><a class=\"register_button btn-green btn-header\" href=\"http:\/\/www.compliancebaltic.eu\/e-learning\/login\/index.php\">S\u0101kt e-apm\u0101c\u012bbu<\/a><\/div><\/p>\n<\/div>\n<\/div>\n<\/div>\n<span class=\"new-line\"><\/span>\n<h1 class=\"header-title\">Korupcijas riski<\/h1>\n<p><div class=\"one_half\"><p>Iek\u0161\u0113j\u0101 kontrole ir process, kur\u0101 organiz\u0101cija regul\u0113 t\u0101s darb\u012bbu, lai efekt\u012bvi un produkt\u012bvi izpild\u012btu savu misiju un sasniegtu m\u0113r\u0137us. Viena no iek\u0161\u0113j\u0101s kontroles sist\u0113mas darb\u012bbas pras\u012bb\u0101m ir iesp\u0113jamo korupcijas un intere\u0161u konflikta izveido\u0161an\u0101s risku nov\u0113r\u0161ana.<\/p>\n<p>Regul\u0101ra person\u0101la apm\u0101c\u012bba korupcijas un intere\u0161u konfliktu jaut\u0101jumos ir priek\u0161nosac\u012bjums, lai nodro\u0161in\u0101tu \u0161\u012bs pamatpras\u012bbas izpildi un mazin\u0101tu risku iest\u0101dei vai uz\u0146\u0113mumam tikt iesaist\u012btam korupt\u012bv\u0101s darb\u012bb\u0101s.<br \/>\nPubliskaj\u0101 sektor\u0101 pras\u012bbu kopumu korupcijas risku nov\u0113r\u0161an\u0101 nosaka Valsts p\u0101rvaldes iek\u0101rtas likums, kas iest\u0101des vad\u012bt\u0101jam uzliek par pien\u0101kums izveidot iek\u0161\u0113j\u0101s kontroles sist\u0113mu, Ministru kabineta 2012.gada 8.maija noteikumi Nr.326 \u00abNoteikumi par iek\u0161\u0113j\u0101s kontroles sist\u0113mu tie\u0161\u0101s p\u0101rvaldes iest\u0101d\u0113s\u00bb, cita starp\u0101, iez\u012bm\u0113 korupcijas un intere\u0161u konfliktu risku p\u0101rvald\u012b\u0161anas pien\u0101kumu, Ministru kabineta 2017.gada 17.oktobra noteikumi Nr.630 \u00abNoteikumi par iek\u0161\u0113j\u0101s kontroles sist\u0113mas pamatpras\u012bb\u0101m korupcijas un intere\u0161u konflikta riska nov\u0113r\u0161anai publiskas personas instit\u016bcij\u0101\u00bb cita starp\u0101 nosaka darbinieku apm\u0101c\u012bbu nodro\u0161in\u0101\u0161anas pien\u0101kumu.<\/p>\n<p>Priv\u0101taj\u0101 sektor\u0101 normat\u012bvais regul\u0113jums nav tik koncentr\u0113ts, tom\u0113r, j\u0101apzin\u0101s, ka kuku\u013co\u0161ana ir pla\u0161i izplat\u012bta par\u0101d\u012bba starptautiskajos dar\u012bjumos, ieskaitot tirdzniec\u012bbu un invest\u012bcijas, kas rada nopietnas ba\u017eas, apdraud labu p\u0101rvald\u012bbu un tautsaimniec\u012bbas att\u012bst\u012bbu, un izkrop\u013co starptautisk\u0101s konkurences nosac\u012bjumu.<\/p>\n<p>Latvija 2014.gada 31.mart\u0101 ir pievienojusies OECD konvencijai par \u0101rvalstu amatpersonu kuku\u013co\u0161anas apkaro\u0161anu starptautiskajos biznesa dar\u012bjumos. Latvija ir apliecin\u0101jusi savu gatav\u012bbu apkarot \u0101rvalstu amatpersonu kuku\u013co\u0161anu un korupciju, k\u0101 ar\u012b ir ap\u0146\u0113musies veicin\u0101t starptautisko sadarb\u012bbu, lai nodro\u0161in\u0101tu sekm\u012bgu p\u0101rrobe\u017eu kuku\u013co\u0161anas lietu izmekl\u0113\u0161anu un trauksmes c\u0113l\u0113ju nepiecie\u0161amo aizsardz\u012bbu, stiprin\u0101tu sadarb\u012bbu starp valsts p\u0101rvaldi, priv\u0101to sektoru un sabiedr\u012bbu c\u012b\u0146\u0101 ar korupciju, veicin\u0101tu komersantu labpr\u0101t\u012bgu zi\u0146o\u0161anu un vieno\u0161an\u0101s proced\u016bras korupcijas liet\u0101s. Cita starp\u0101 konvencija nosaka pien\u0101kumu noteikt juridisko personu atbild\u012bbu par \u0101rvalsts amatpersonas kuku\u013co\u0161anu saska\u0146\u0101 ar savas valsts tiesiskajiem principiem, bet fizisk\u0101m person\u0101m br\u012bv\u012bbas at\u0146em\u0161anu.<\/p>\n<p>\n<\/div><div class=\"one_half last\"><p>Neskatoties uz to, ka normat\u012bv\u0101 b\u0101ze korupcijas apkaro\u0161anai priv\u0101taj\u0101 sektor\u0101 v\u0113l ir tap\u0161anas stadij\u0101, priv\u0101t\u0101 sektora uz\u0146\u0113mumi jau saskaras ar izaicin\u0101jumiem un nepiecie\u0161am\u012bbu ieviest efekt\u012bvas iek\u0161\u0113jas kontroles korupcijas risku mazin\u0101\u0161an\u0101. Piem\u0113ram, Apvienot\u0101s Karalistes Pretkorupcijas likums nosaka nelimit\u0113tus monet\u0101ru sodu apm\u0113rus un iesp\u0113jas v\u0113rsties pret kuku\u013co\u0161anas darb\u012bbas aps\u016bdz\u0113tiem uz\u0146\u0113mumiem eksteritori\u0101li, neatkar\u012bgi no t\u0101, kur\u0101 jurisdikcij\u0101 notika noziegums. L\u012bdz\u012bga ietekme ir ar\u012b, piem\u0113ram, ASV The Foreign Corrupt Practices Act of 1977, kas pie noteiktiem nosac\u012bjumiem var liegt uz\u0146\u0113mumam piek\u013cuvi ASV finan\u0161u saist\u0101mai, piem\u0113ram, veikt dar\u012bjumus ASV dol\u0101ros, kas, savuk\u0101rt var izsl\u0113gt uz\u0146\u0113mumu no iesp\u0113jas att\u012bst\u012bties un konkur\u0113t.<\/p>\n<p>Atbilsto\u0161a un visaptvero\u0161a iek\u0161\u0113j\u0101 kontroles sist\u0113ma korupcijas risku p\u0101rvald\u012b\u0161an\u0101 ir instit\u016bcijas\/uz\u0146\u0113muma pan\u0101kumu atsl\u0113ga. Viens no iek\u0161\u0113j\u0101s kontroles elementiem ir person\u0101la apm\u0101c\u012bba.<\/p>\n<p>SIA Compliance Baltic ir izstr\u0101d\u0101jusi vair\u0101kus e-apm\u0101c\u012bbas kursus korupcijas nov\u0113r\u0161anas jom\u0101:<\/p>\n<ul>\n<li><strong>\u201cKorupcijas nov\u0113r\u0161anas pamatjaut\u0101jumi\u201d<\/strong>, kur\u0161 sniedz ieskatu korupcijas problem\u0101tik\u0101, skaidrojot, kas ir korupcija un t\u0101s izpausmes publiskaj\u0101 un priv\u0101taj\u0101 sektor\u0101, t\u0101s krimin\u0101ltiesiskos aspektus, katra atbild\u012bbu t\u0101s mazin\u0101\u0161an\u0101 un ieguvumus sabiedr\u012bb\u0101.<\/li>\n<li><strong>\u201cAmatpersonu intere\u0161u konflikts\u201d<\/strong>, kas \u013cauj lab\u0101k izprast intere\u0161u konfliktu riskus, atpaz\u012bt intere\u0161u konflikta situ\u0101cijas un r\u012bkoties atbild\u012bgi.<\/li>\n<\/ul>\n<p>Kursi ir izstr\u0101d\u0101ti vienk\u0101r\u0161\u0101 un saprotam\u0101 valod\u0101, sniedz interakt\u012bvu iesaisti un atgriezenisko saiti jau apm\u0101c\u012bbu proces\u0101, k\u0101 ar\u012b tiek nosl\u0113gti ar zin\u0101\u0161anu p\u0101rbaudi. Katrs students, sekm\u012bgi nok\u0101rtojot testu, var sa\u0146emt apliecin\u0101jumu par zin\u0101\u0161anu apguvi. Uz\u0146\u0113mumam ir iesp\u0113ja jebkur\u0101 laik\u0101 sa\u0146emt atskaites par darbinieku apm\u0101c\u012bb\u0101m un zin\u0101\u0161anu p\u0101rbaudes rezult\u0101tiem.<\/p>\n<span class=\"new-line\"><\/span>\n<p>Pied\u0101v\u0101jums e-apm\u0101c\u012bbu kursiem\u00a0<a href=\"https:\/\/www.compliancebaltic.eu\/wp-content\/uploads\/2020\/11\/korupcijas-CB-11_2020-ml.pdf\"> korupcijas nov\u0113r\u0161anas jaut\u0101jumos<\/a><\/p>\n<p>\n<\/div><\/p>\n<p><span class=\"new-line\"><\/span><\/p>","protected":false},"excerpt":{"rendered":"<p>Korupcijas nov\u0113r\u0161anas pamatjaut\u0101jumi Intere\u0161u konflikts E-apm\u0101c\u012bbas kursi Korupcijas riski<\/p>\n","protected":false},"author":1,"featured_media":0,"parent":0,"menu_order":0,"comment_status":"open","ping_status":"open","template":"","meta":{"om_disable_all_campaigns":false,"_monsterinsights_skip_tracking":false,"_monsterinsights_sitenote_active":false,"_monsterinsights_sitenote_note":"","_monsterinsights_sitenote_category":0,"_uf_show_specific_survey":0,"_uf_disable_surveys":false,"footnotes":""},"class_list":["post-628","page","type-page","status-publish","hentry"],"aioseo_notices":[],"_links":{"self":[{"href":"https:\/\/www.compliancebaltic.eu\/lv\/wp-json\/wp\/v2\/pages\/628"}],"collection":[{"href":"https:\/\/www.compliancebaltic.eu\/lv\/wp-json\/wp\/v2\/pages"}],"about":[{"href":"https:\/\/www.compliancebaltic.eu\/lv\/wp-json\/wp\/v2\/types\/page"}],"author":[{"embeddable":true,"href":"https:\/\/www.compliancebaltic.eu\/lv\/wp-json\/wp\/v2\/users\/1"}],"replies":[{"embeddable":true,"href":"https:\/\/www.compliancebaltic.eu\/lv\/wp-json\/wp\/v2\/comments?post=628"}],"version-history":[{"count":30,"href":"https:\/\/www.compliancebaltic.eu\/lv\/wp-json\/wp\/v2\/pages\/628\/revisions"}],"predecessor-version":[{"id":1114,"href":"https:\/\/www.compliancebaltic.eu\/lv\/wp-json\/wp\/v2\/pages\/628\/revisions\/1114"}],"wp:attachment":[{"href":"https:\/\/www.compliancebaltic.eu\/lv\/wp-json\/wp\/v2\/media?parent=628"}],"curies":[{"name":"wp","href":"https:\/\/api.w.org\/{rel}","templated":true}]}}