{"id":628,"date":"2016-11-29T12:58:38","date_gmt":"2016-11-29T12:58:38","guid":{"rendered":"https:\/\/www.compliancebaltic.eu\/?page_id=628"},"modified":"2021-11-29T15:35:07","modified_gmt":"2021-11-29T15:35:07","slug":"korupcijas-riski","status":"publish","type":"page","link":"https:\/\/www.compliancebaltic.eu\/lt\/korupcijas-riski\/","title":{"rendered":"Korupcijos rizika"},"content":{"rendered":"<p><\/p>\n<div class=\"n-project-head\"><img loading=\"lazy\" decoding=\"async\" class=\"alignnone size-full wp-image-631\" alt=\"cb-02\" src=\"https:\/\/www.compliancebaltic.eu\/wp-content\/uploads\/2016\/11\/cb-02.png\" width=\"750\" height=\"400\" srcset=\"https:\/\/www.compliancebaltic.eu\/wp-content\/uploads\/2016\/11\/cb-02.png 750w, https:\/\/www.compliancebaltic.eu\/wp-content\/uploads\/2016\/11\/cb-02-300x160.png 300w\" sizes=\"(max-width: 750px) 100vw, 750px\" \/><\/p>\n<div class=\"block\">\n<div style=\"margin-top: 30px;\">\n<h1>Korupcijos rizika<\/h1>\n<p>Nuotolinis mokymosi kursas<br \/>\n<div class=\"n-row\"><a class=\"register_button btn-blue btn-header\" href=\"\/\/www.compliancebaltic.eu\/demo-korupcijas-riski\/\">Demonstracinis video<\/a><\/div><br \/>\n<div class=\"n-row\"><a class=\"register_button btn-green btn-header\" href=\"http:\/\/www.compliancebaltic.eu\/e-learning\/login\/index.php\">Prad\u0117ti e-mokymosi<\/a><\/div><\/p>\n<\/div>\n<\/div>\n<\/div>\n<span class=\"new-line\"><\/span>\n<h1 class=\"header-title\">Korupcijos rizika<\/h1>\n<p><div class=\"one_half\"><p>Vidaus kontrol\u0117 yra procesas, kurio metu organizacija taip sud\u0117lioja kasdieninius procesus, kad veiksmingai ir efektyviai vykdyt\u0173 veikl\u0105 ir pasiekt\u0173 keliamus tikslus. Vienas i\u0161 vidaus kontrol\u0117s sistemos reikalavim\u0173 yra galimo korupcijos ir interes\u0173 konflikto rizikos prevencija ar jos minimizavimas.<br \/>\nNuolatiniai darbuotoj\u0173 mokymas korupcijos ir interes\u0173 konflikt\u0173 klausimais yra esmin\u0117 s\u0105lyga, galinti u\u017etikrinant \u0161i\u0173 reikalavim\u0173 vykdym\u0105, bei tampa puikia priemone, galin\u010dia suma\u017einti pavoj\u0173 \u012fmonei b\u016bti \u012ftrauktai \u012f korupcines veiklas.<br \/>\nVie\u0161ajame sektoriuje taikomas korupcijos prevencijos priemones nustato \u012fstatymai:<br \/>\n-vie\u0161ojo sektoriaus institucij\u0173 vadovai privalo sukurti vidaus kontrol\u0117s sistem\u0105 bei valdyti korupcijos ir interes\u0173 konflikto rizik\u0105.<br \/>\nPriva\u010diame sektoriuje reguliavimo sistema n\u0117ra tokia privaloma, ta\u010diau reikia \u017einoti, kad ky\u0161ininkavimas yra paplit\u0119s pirkimuose\/pardavimuose, tarptautiniuose sandoriuose, \u012fskaitant prekyb\u0105 ir investicijas. Tai kelia rimt\u0105 susir\u016bpinim\u0105, menkina gero vie\u0161ojo administravimo \u012fvaizd\u012f ir \u017elugdo ekonomin\u012f vystym\u0105si bei i\u0161kreipia s\u0105\u017eining\u0105 konkurencij\u0105.<\/p>\n<p>\n<\/div><div class=\"one_half last\"><p>Tinkama ir visa apimanti korupcijos rizikos valdymo vidaus kontrol\u0117s sistema yra institucijos ar \u012fmon\u0117s raktas \u012f s\u0117km\u0119. Vienas i\u0161 svarbiausi\u0173 vidaus kontrol\u0117s element\u0173 yra Personalo mokymai.<br \/>\nSIA \u201eCompliance Baltic\u201c suk\u016br\u0117 kovos su korupcija mokymo kurs\u0105, kuris ap\u017evelgia korupcijos problemas, paai\u0161kina, kas yra korupcija ir kokios jos aprai\u0161kos vie\u0161ajame ir priva\u010diame sektoriuose, aptaria baud\u017eiamosios teis\u0117s aspektus, taip pat kiekvieno i\u0161 m\u016bs\u0173 pareig\u0105 ir atsakomyb\u0119 ma\u017einti korupcij\u0105. Kursas yra paprastas ir suprantamas, garantuoja interaktyv\u0173 dalyvavim\u0105 ir gr\u012f\u017etam\u0105j\u012f ry\u0161\u012f. Vienas i\u0161 nuotolinio mokymosi funkcionalumu-\u017eini\u0173 patikrinimas. Kiekvienas klausytojas, s\u0117kmingai i\u0161laik\u0119s egzamin\u0105, gauna pa\u017eym\u0117jim\u0105. Bendrov\u0117 turi galimyb\u0119 bet kuriuo metu gauti ataskaitas apie personalo mokymus ir \u017eini\u0173 patikrinimus, saugomus SIA Compliance Baltic serveriuose.<\/p>\n<p>\n<\/div><\/p>\n<p><span class=\"new-line\"><\/span><\/p>","protected":false},"excerpt":{"rendered":"<p>Korupcijos rizika Nuotolinis mokymosi kursas Korupcijos rizika<\/p>\n","protected":false},"author":1,"featured_media":0,"parent":0,"menu_order":0,"comment_status":"open","ping_status":"open","template":"","meta":{"om_disable_all_campaigns":false,"_monsterinsights_skip_tracking":false,"_monsterinsights_sitenote_active":false,"_monsterinsights_sitenote_note":"","_monsterinsights_sitenote_category":0,"_uf_show_specific_survey":0,"_uf_disable_surveys":false,"footnotes":""},"class_list":["post-628","page","type-page","status-publish","hentry"],"aioseo_notices":[],"_links":{"self":[{"href":"https:\/\/www.compliancebaltic.eu\/lt\/wp-json\/wp\/v2\/pages\/628"}],"collection":[{"href":"https:\/\/www.compliancebaltic.eu\/lt\/wp-json\/wp\/v2\/pages"}],"about":[{"href":"https:\/\/www.compliancebaltic.eu\/lt\/wp-json\/wp\/v2\/types\/page"}],"author":[{"embeddable":true,"href":"https:\/\/www.compliancebaltic.eu\/lt\/wp-json\/wp\/v2\/users\/1"}],"replies":[{"embeddable":true,"href":"https:\/\/www.compliancebaltic.eu\/lt\/wp-json\/wp\/v2\/comments?post=628"}],"version-history":[{"count":30,"href":"https:\/\/www.compliancebaltic.eu\/lt\/wp-json\/wp\/v2\/pages\/628\/revisions"}],"predecessor-version":[{"id":1114,"href":"https:\/\/www.compliancebaltic.eu\/lt\/wp-json\/wp\/v2\/pages\/628\/revisions\/1114"}],"wp:attachment":[{"href":"https:\/\/www.compliancebaltic.eu\/lt\/wp-json\/wp\/v2\/media?parent=628"}],"curies":[{"name":"wp","href":"https:\/\/api.w.org\/{rel}","templated":true}]}}