{"id":215,"date":"2013-09-02T11:03:12","date_gmt":"2013-09-02T11:03:12","guid":{"rendered":"http:\/\/www.compliancebaltic.eu\/?page_id=215"},"modified":"2021-11-29T15:36:48","modified_gmt":"2021-11-29T15:36:48","slug":"useful-links","status":"publish","type":"page","link":"https:\/\/www.compliancebaltic.eu\/lt\/useful-links\/","title":{"rendered":"Paslaugos"},"content":{"rendered":"<p><strong>Mokymai<\/strong><\/p>\n<ul>\n<li>Pinig\u0173 plovimo ir terorizmo finansavimo prevencijos(PPTFP) mokymai<\/li>\n<li>Antikorupcijos mokymai<\/li>\n<li>Atitikties mokymai<\/li>\n<li>Nuotoliniai PPTFP mokymai latvi\u0173, est\u0173 ir lietuvi\u0173 kalbomis<\/li>\n<li>Nuotoliniai antikorupcijos mokymai<\/li>\n<\/ul>\n<p><strong><span class=\"new-line\"><\/span><\/strong><\/p>\n<p><strong>Konsultavimo paslaugos<\/strong><\/p>\n<ul>\n<li>PPTFP rizikos vertinimas<\/li>\n<li>Antikorupcijos rizikos vertinimas<\/li>\n<li>Atitikties rizikos vertinimas<\/li>\n<li>Vidaus kontrol\u0117s sistemos suk\u016brimas<\/li>\n<li>Vidaus proced\u016br\u0173 paruo\u0161imas<\/li>\n<li>Atitikties proces\u0173 testavimas(auditai)<\/li>\n<li>Vidaus kontrol\u0117s sudedam\u0173j\u0173 dali\u0173 vykdymas<\/li>\n<\/ul>\n<p><\/p>","protected":false},"excerpt":{"rendered":"<p>Mokymai Pinig\u0173 plovimo ir terorizmo finansavimo prevencijos(PPTFP) mokymai Antikorupcijos mokymai Atitikties mokymai Nuotoliniai PPTFP mokymai latvi\u0173, est\u0173 ir lietuvi\u0173 kalbomis Nuotoliniai antikorupcijos mokymai Konsultavimo paslaugos PPTFP rizikos vertinimas Antikorupcijos rizikos vertinimas Atitikties rizikos vertinimas Vidaus kontrol\u0117s sistemos suk\u016brimas Vidaus proced\u016br\u0173 paruo\u0161imas Atitikties proces\u0173 testavimas(auditai) Vidaus kontrol\u0117s sudedam\u0173j\u0173 dali\u0173 vykdymas<\/p>\n","protected":false},"author":1,"featured_media":0,"parent":0,"menu_order":0,"comment_status":"open","ping_status":"open","template":"page.php","meta":{"om_disable_all_campaigns":false,"_monsterinsights_skip_tracking":false,"_monsterinsights_sitenote_active":false,"_monsterinsights_sitenote_note":"","_monsterinsights_sitenote_category":0,"_uf_show_specific_survey":0,"_uf_disable_surveys":false,"footnotes":""},"class_list":["post-215","page","type-page","status-publish","hentry"],"aioseo_notices":[],"_links":{"self":[{"href":"https:\/\/www.compliancebaltic.eu\/lt\/wp-json\/wp\/v2\/pages\/215"}],"collection":[{"href":"https:\/\/www.compliancebaltic.eu\/lt\/wp-json\/wp\/v2\/pages"}],"about":[{"href":"https:\/\/www.compliancebaltic.eu\/lt\/wp-json\/wp\/v2\/types\/page"}],"author":[{"embeddable":true,"href":"https:\/\/www.compliancebaltic.eu\/lt\/wp-json\/wp\/v2\/users\/1"}],"replies":[{"embeddable":true,"href":"https:\/\/www.compliancebaltic.eu\/lt\/wp-json\/wp\/v2\/comments?post=215"}],"version-history":[{"count":40,"href":"https:\/\/www.compliancebaltic.eu\/lt\/wp-json\/wp\/v2\/pages\/215\/revisions"}],"predecessor-version":[{"id":1116,"href":"https:\/\/www.compliancebaltic.eu\/lt\/wp-json\/wp\/v2\/pages\/215\/revisions\/1116"}],"wp:attachment":[{"href":"https:\/\/www.compliancebaltic.eu\/lt\/wp-json\/wp\/v2\/media?parent=215"}],"curies":[{"name":"wp","href":"https:\/\/api.w.org\/{rel}","templated":true}]}}