{"id":14,"date":"2013-08-07T10:55:53","date_gmt":"2013-08-07T10:55:53","guid":{"rendered":"http:\/\/compliancebaltic.lv\/?page_id=14"},"modified":"2022-03-21T07:50:11","modified_gmt":"2022-03-21T07:50:11","slug":"kontakti","status":"publish","type":"page","link":"https:\/\/www.compliancebaltic.eu\/lt\/kontakti\/","title":{"rendered":"Kontaktai"},"content":{"rendered":"<p><strong>Compliance Baltic SIA<\/strong><br \/>\nLegal address: Ogres iela 3, Jurmala, LV 2015, Latvia<br \/>\n+371 27444866<br \/>\n<a href=\"mailto:info@compliancebaltic.eu\">info@compliancebaltic.eu<\/a><br \/>\nwww. compliancebaltic.eu<br \/>\n<span class=\"new-line\"><\/span><\/p>\n<p><span class=\"new-line\"><\/span><br \/>\n<strong>\u0160ar\u016bnas Vaineikis<\/strong><br \/>\nPartner, CAMS<br \/>\nt: +370 68671107<br \/>\n<a href=\"mailto:sarunas@compliancebaltic.eu\">sarunas@compliancebaltic.eu<\/a><br \/>\n<span class=\"new-line\"><\/span><br \/>\n<span class=\"new-line\"><\/span><\/p>\n<span class=\"new-line\"><\/span>\n<p>VAT Nr. LV40103670302<br \/>\nBank account:<br \/>\nAS Swedbank,<br \/>\nIBAN: LV26HABA0551040066757<\/p>\n<p><span class=\"new-line\"><\/span><br \/>\n<span class=\"new-line\"><\/span><\/p>\n<p><span class=\"new-line\"><\/span><br \/>\n<strong>Teikiamos paslaugos:<\/strong><br \/>\n<strong>Mokymai<\/strong><\/p>\n<ul>\n<li>Pinig\u0173 plovimo ir terorizmo finansavimo prevencijos(PPTFP) mokymai<\/li>\n<li>Antikorupcijos mokymai<\/li>\n<li>Atitikties mokymai<\/li>\n<li>Nuotoliniai PPTFP mokymai latvi\u0173, est\u0173 ir lietuvi\u0173 kalbomis<\/li>\n<li>Nuotoliniai antikorupcijos mokymai<\/li>\n<\/ul>\n<p><strong><span class=\"new-line\"><\/span><\/strong><\/p>\n<p><strong>Konsultavimo paslaugos<\/strong><\/p>\n<ul>\n<li>PPTFP rizikos vertinimas<\/li>\n<li>Antikorupcijos rizikos vertinimas<\/li>\n<li>Atitikties rizikos vertinimas<\/li>\n<li>Vidaus kontrol\u0117s sistemos suk\u016brimas<\/li>\n<li>Vidaus proced\u016br\u0173 paruo\u0161imas<\/li>\n<li>Atitikties proces\u0173 testavimas(auditai)<\/li>\n<li>Vidaus kontrol\u0117s sudedam\u0173j\u0173 dali\u0173 vykdymas<\/li>\n<p>\u00a0<\/p>","protected":false},"excerpt":{"rendered":"<p>Compliance Baltic SIA Legal address: Ogres iela 3, Jurmala, LV 2015, Latvia +371 27444866 info@compliancebaltic.eu www. compliancebaltic.eu \u0160ar\u016bnas Vaineikis Partner, CAMS t: +370 68671107 sarunas@compliancebaltic.eu VAT Nr. LV40103670302 Bank account: AS Swedbank, IBAN: LV26HABA0551040066757 Teikiamos paslaugos: Mokymai Pinig\u0173 plovimo ir terorizmo finansavimo prevencijos(PPTFP) mokymai Antikorupcijos mokymai Atitikties mokymai Nuotoliniai PPTFP mokymai latvi\u0173, est\u0173 ir lietuvi\u0173 [&hellip;]<\/p>\n","protected":false},"author":1,"featured_media":0,"parent":0,"menu_order":0,"comment_status":"open","ping_status":"open","template":"page_contacts.php","meta":{"om_disable_all_campaigns":false,"_monsterinsights_skip_tracking":false,"_monsterinsights_sitenote_active":false,"_monsterinsights_sitenote_note":"","_monsterinsights_sitenote_category":0,"_uf_show_specific_survey":0,"_uf_disable_surveys":false,"footnotes":""},"class_list":["post-14","page","type-page","status-publish","hentry"],"aioseo_notices":[],"_links":{"self":[{"href":"https:\/\/www.compliancebaltic.eu\/lt\/wp-json\/wp\/v2\/pages\/14"}],"collection":[{"href":"https:\/\/www.compliancebaltic.eu\/lt\/wp-json\/wp\/v2\/pages"}],"about":[{"href":"https:\/\/www.compliancebaltic.eu\/lt\/wp-json\/wp\/v2\/types\/page"}],"author":[{"embeddable":true,"href":"https:\/\/www.compliancebaltic.eu\/lt\/wp-json\/wp\/v2\/users\/1"}],"replies":[{"embeddable":true,"href":"https:\/\/www.compliancebaltic.eu\/lt\/wp-json\/wp\/v2\/comments?post=14"}],"version-history":[{"count":67,"href":"https:\/\/www.compliancebaltic.eu\/lt\/wp-json\/wp\/v2\/pages\/14\/revisions"}],"predecessor-version":[{"id":1143,"href":"https:\/\/www.compliancebaltic.eu\/lt\/wp-json\/wp\/v2\/pages\/14\/revisions\/1143"}],"wp:attachment":[{"href":"https:\/\/www.compliancebaltic.eu\/lt\/wp-json\/wp\/v2\/media?parent=14"}],"curies":[{"name":"wp","href":"https:\/\/api.w.org\/{rel}","templated":true}]}}